{"id":991736,"date":"2026-02-10T16:30:28","date_gmt":"2026-02-10T15:30:28","guid":{"rendered":"https:\/\/stepup.ecoprod.com\/?post_type=product&#038;p=991736"},"modified":"2026-02-10T16:34:16","modified_gmt":"2026-02-10T15:34:16","slug":"maitriser-le-bilan-carbone","status":"publish","type":"product","link":"https:\/\/stepup.ecoprod.com\/fr\/tracks\/maitriser-le-bilan-carbone\/","title":{"rendered":"Ma\u00eetriser le bilan carbone"},"content":{"rendered":"<p><strong>Ma\u00eetrisez les fondamentaux du bilan carbone !\u00a0<\/strong><\/p>\n<p>Apprenez l\u2019essentiel du bilan carbone appliqu\u00e9 \u00e0 la production cin\u00e9ma et audiovisuelle.<\/p>\n<p>En deux heures, vous obtenez une vision compl\u00e8te et op\u00e9rationnelle.<\/p>\n<p>Ce e-learning comporte :<br \/>\nUne heure de cours structur\u00e9s.<br \/>\nUne heure d\u2019exercices pratiques.<br \/>\nDes quiz interactifs tout au long du parcours.<\/p>\n<p>Ce cours en e-learning est con\u00e7u par des experts europ\u00e9ens et s\u2019adapte \u00e0 tous les contextes, quels que soient les outils ou calculateurs utilis\u00e9s.<\/p>\n<p>\u00c0 la fin du cours, vous comprenez les principaux enjeux climatiques du secteur, comment et pourquoi r\u00e9aliser un bilan carbone, quelles donn\u00e9es int\u00e9grer ou exclure, et comment lire et interpr\u00e9ter les r\u00e9sultats. Le cours aborde \u00e9galement les labels de durabilit\u00e9, ainsi que le r\u00f4le et les limites de la compensation carbone.<\/p>\n<p>R\u00e9ussissez le quiz final pour obtenir votre certificat !<\/p>\n","protected":false},"excerpt":{"rendered":"<p>Ma\u00eetrisez les fondamentaux du bilan carbone !\u00a0 Apprenez l\u2019essentiel du bilan carbone appliqu\u00e9 \u00e0 la production cin\u00e9ma et audiovisuelle. En deux heures, vous obtenez une vision compl\u00e8te et op\u00e9rationnelle. Ce e-learning comporte : Une heure de cours structur\u00e9s. Une heure d\u2019exercices pratiques. Des quiz interactifs tout au long du parcours. Ce cours en e-learning est [&hellip;]<\/p>\n","protected":false},"featured_media":991738,"comment_status":"open","ping_status":"closed","template":"","meta":[],"product_brand":[],"product_cat":[],"product_tag":[],"class_list":{"0":"post-991736","1":"product","2":"type-product","3":"status-publish","4":"has-post-thumbnail","7":"first","8":"instock","9":"downloadable","10":"virtual","11":"purchasable","12":"product-type-simple"},"yoast_head":"<!-- This site is optimized with the Yoast SEO plugin v24.4 - https:\/\/yoast.com\/wordpress\/plugins\/seo\/ -->\n<title>Ma\u00eetriser le bilan carbone - StepUP<\/title>\n<meta name=\"robots\" content=\"index, follow, max-snippet:-1, max-image-preview:large, max-video-preview:-1\" \/>\n<link rel=\"canonical\" href=\"https:\/\/stepup.ecoprod.com\/fr\/tracks\/maitriser-le-bilan-carbone\/\" \/>\n<meta property=\"og:locale\" content=\"fr_FR\" \/>\n<meta property=\"og:type\" content=\"article\" \/>\n<meta property=\"og:title\" content=\"Ma\u00eetriser le bilan carbone - StepUP\" \/>\n<meta property=\"og:description\" content=\"Ma\u00eetrisez les fondamentaux du bilan carbone !\u00a0 Apprenez l\u2019essentiel du bilan carbone appliqu\u00e9 \u00e0 la production cin\u00e9ma et audiovisuelle. En deux heures, vous obtenez une vision compl\u00e8te et op\u00e9rationnelle. Ce e-learning comporte : Une heure de cours structur\u00e9s. Une heure d\u2019exercices pratiques. Des quiz interactifs tout au long du parcours. Ce cours en e-learning est [&hellip;]\" \/>\n<meta property=\"og:url\" content=\"https:\/\/stepup.ecoprod.com\/fr\/tracks\/maitriser-le-bilan-carbone\/\" \/>\n<meta property=\"og:site_name\" content=\"StepUP\" \/>\n<meta property=\"article:modified_time\" content=\"2026-02-10T15:34:16+00:00\" \/>\n<meta property=\"og:image\" content=\"https:\/\/stepup.ecoprod.com\/wp-content\/uploads\/2026\/02\/Headers-StepUP-Graphs-3.png\" \/>\n\t<meta property=\"og:image:width\" content=\"300\" \/>\n\t<meta property=\"og:image:height\" content=\"200\" \/>\n\t<meta property=\"og:image:type\" content=\"image\/png\" \/>\n<meta name=\"twitter:card\" content=\"summary_large_image\" \/>\n<meta name=\"twitter:label1\" content=\"Dur\u00e9e de lecture estim\u00e9e\" \/>\n\t<meta name=\"twitter:data1\" content=\"1 minute\" \/>\n<script type=\"application\/ld+json\" class=\"yoast-schema-graph\">{\"@context\":\"https:\/\/schema.org\",\"@graph\":[{\"@type\":\"WebPage\",\"@id\":\"https:\/\/stepup.ecoprod.com\/fr\/tracks\/maitriser-le-bilan-carbone\/\",\"url\":\"https:\/\/stepup.ecoprod.com\/fr\/tracks\/maitriser-le-bilan-carbone\/\",\"name\":\"Ma\u00eetriser le bilan carbone - StepUP\",\"isPartOf\":{\"@id\":\"https:\/\/stepup.ecoprod.com\/#website\"},\"primaryImageOfPage\":{\"@id\":\"https:\/\/stepup.ecoprod.com\/fr\/tracks\/maitriser-le-bilan-carbone\/#primaryimage\"},\"image\":{\"@id\":\"https:\/\/stepup.ecoprod.com\/fr\/tracks\/maitriser-le-bilan-carbone\/#primaryimage\"},\"thumbnailUrl\":\"https:\/\/stepup.ecoprod.com\/wp-content\/uploads\/2026\/02\/Headers-StepUP-Graphs-3.png\",\"datePublished\":\"2026-02-10T15:30:28+00:00\",\"dateModified\":\"2026-02-10T15:34:16+00:00\",\"breadcrumb\":{\"@id\":\"https:\/\/stepup.ecoprod.com\/fr\/tracks\/maitriser-le-bilan-carbone\/#breadcrumb\"},\"inLanguage\":\"fr-FR\",\"potentialAction\":[{\"@type\":\"ReadAction\",\"target\":[\"https:\/\/stepup.ecoprod.com\/fr\/tracks\/maitriser-le-bilan-carbone\/\"]}]},{\"@type\":\"ImageObject\",\"inLanguage\":\"fr-FR\",\"@id\":\"https:\/\/stepup.ecoprod.com\/fr\/tracks\/maitriser-le-bilan-carbone\/#primaryimage\",\"url\":\"https:\/\/stepup.ecoprod.com\/wp-content\/uploads\/2026\/02\/Headers-StepUP-Graphs-3.png\",\"contentUrl\":\"https:\/\/stepup.ecoprod.com\/wp-content\/uploads\/2026\/02\/Headers-StepUP-Graphs-3.png\",\"width\":300,\"height\":200},{\"@type\":\"BreadcrumbList\",\"@id\":\"https:\/\/stepup.ecoprod.com\/fr\/tracks\/maitriser-le-bilan-carbone\/#breadcrumb\",\"itemListElement\":[{\"@type\":\"ListItem\",\"position\":1,\"name\":\"Accueil\",\"item\":\"https:\/\/stepup.ecoprod.com\/fr\/\"},{\"@type\":\"ListItem\",\"position\":2,\"name\":\"E-learning\",\"item\":\"https:\/\/stepup.ecoprod.com\/fr\/tracks\/\"},{\"@type\":\"ListItem\",\"position\":3,\"name\":\"Ma\u00eetriser le bilan carbone\"}]},{\"@type\":\"WebSite\",\"@id\":\"https:\/\/stepup.ecoprod.com\/#website\",\"url\":\"https:\/\/stepup.ecoprod.com\/\",\"name\":\"StepUP\",\"description\":\"\",\"publisher\":{\"@id\":\"https:\/\/stepup.ecoprod.com\/#organization\"},\"potentialAction\":[{\"@type\":\"SearchAction\",\"target\":{\"@type\":\"EntryPoint\",\"urlTemplate\":\"https:\/\/stepup.ecoprod.com\/?s={search_term_string}\"},\"query-input\":{\"@type\":\"PropertyValueSpecification\",\"valueRequired\":true,\"valueName\":\"search_term_string\"}}],\"inLanguage\":\"fr-FR\"},{\"@type\":\"Organization\",\"@id\":\"https:\/\/stepup.ecoprod.com\/#organization\",\"name\":\"StepUP\",\"url\":\"https:\/\/stepup.ecoprod.com\/\",\"logo\":{\"@type\":\"ImageObject\",\"inLanguage\":\"fr-FR\",\"@id\":\"https:\/\/stepup.ecoprod.com\/#\/schema\/logo\/image\/\",\"url\":\"https:\/\/stepup.ecoprod.com\/wp-content\/uploads\/2021\/10\/STEP-UP-VERT-KAKI_RVB.png\",\"contentUrl\":\"https:\/\/stepup.ecoprod.com\/wp-content\/uploads\/2021\/10\/STEP-UP-VERT-KAKI_RVB.png\",\"width\":1993,\"height\":1000,\"caption\":\"StepUP\"},\"image\":{\"@id\":\"https:\/\/stepup.ecoprod.com\/#\/schema\/logo\/image\/\"}}]}<\/script>\n<!-- \/ Yoast SEO plugin. -->","yoast_head_json":{"title":"Ma\u00eetriser le bilan carbone - StepUP","robots":{"index":"index","follow":"follow","max-snippet":"max-snippet:-1","max-image-preview":"max-image-preview:large","max-video-preview":"max-video-preview:-1"},"canonical":"https:\/\/stepup.ecoprod.com\/fr\/tracks\/maitriser-le-bilan-carbone\/","og_locale":"fr_FR","og_type":"article","og_title":"Ma\u00eetriser le bilan carbone - StepUP","og_description":"Ma\u00eetrisez les fondamentaux du bilan carbone !\u00a0 Apprenez l\u2019essentiel du bilan carbone appliqu\u00e9 \u00e0 la production cin\u00e9ma et audiovisuelle. En deux heures, vous obtenez une vision compl\u00e8te et op\u00e9rationnelle. Ce e-learning comporte : Une heure de cours structur\u00e9s. Une heure d\u2019exercices pratiques. Des quiz interactifs tout au long du parcours. Ce cours en e-learning est [&hellip;]","og_url":"https:\/\/stepup.ecoprod.com\/fr\/tracks\/maitriser-le-bilan-carbone\/","og_site_name":"StepUP","article_modified_time":"2026-02-10T15:34:16+00:00","og_image":[{"width":300,"height":200,"url":"https:\/\/stepup.ecoprod.com\/wp-content\/uploads\/2026\/02\/Headers-StepUP-Graphs-3.png","type":"image\/png"}],"twitter_card":"summary_large_image","twitter_misc":{"Dur\u00e9e de lecture estim\u00e9e":"1 minute"},"schema":{"@context":"https:\/\/schema.org","@graph":[{"@type":"WebPage","@id":"https:\/\/stepup.ecoprod.com\/fr\/tracks\/maitriser-le-bilan-carbone\/","url":"https:\/\/stepup.ecoprod.com\/fr\/tracks\/maitriser-le-bilan-carbone\/","name":"Ma\u00eetriser le bilan carbone - StepUP","isPartOf":{"@id":"https:\/\/stepup.ecoprod.com\/#website"},"primaryImageOfPage":{"@id":"https:\/\/stepup.ecoprod.com\/fr\/tracks\/maitriser-le-bilan-carbone\/#primaryimage"},"image":{"@id":"https:\/\/stepup.ecoprod.com\/fr\/tracks\/maitriser-le-bilan-carbone\/#primaryimage"},"thumbnailUrl":"https:\/\/stepup.ecoprod.com\/wp-content\/uploads\/2026\/02\/Headers-StepUP-Graphs-3.png","datePublished":"2026-02-10T15:30:28+00:00","dateModified":"2026-02-10T15:34:16+00:00","breadcrumb":{"@id":"https:\/\/stepup.ecoprod.com\/fr\/tracks\/maitriser-le-bilan-carbone\/#breadcrumb"},"inLanguage":"fr-FR","potentialAction":[{"@type":"ReadAction","target":["https:\/\/stepup.ecoprod.com\/fr\/tracks\/maitriser-le-bilan-carbone\/"]}]},{"@type":"ImageObject","inLanguage":"fr-FR","@id":"https:\/\/stepup.ecoprod.com\/fr\/tracks\/maitriser-le-bilan-carbone\/#primaryimage","url":"https:\/\/stepup.ecoprod.com\/wp-content\/uploads\/2026\/02\/Headers-StepUP-Graphs-3.png","contentUrl":"https:\/\/stepup.ecoprod.com\/wp-content\/uploads\/2026\/02\/Headers-StepUP-Graphs-3.png","width":300,"height":200},{"@type":"BreadcrumbList","@id":"https:\/\/stepup.ecoprod.com\/fr\/tracks\/maitriser-le-bilan-carbone\/#breadcrumb","itemListElement":[{"@type":"ListItem","position":1,"name":"Accueil","item":"https:\/\/stepup.ecoprod.com\/fr\/"},{"@type":"ListItem","position":2,"name":"E-learning","item":"https:\/\/stepup.ecoprod.com\/fr\/tracks\/"},{"@type":"ListItem","position":3,"name":"Ma\u00eetriser le bilan carbone"}]},{"@type":"WebSite","@id":"https:\/\/stepup.ecoprod.com\/#website","url":"https:\/\/stepup.ecoprod.com\/","name":"StepUP","description":"","publisher":{"@id":"https:\/\/stepup.ecoprod.com\/#organization"},"potentialAction":[{"@type":"SearchAction","target":{"@type":"EntryPoint","urlTemplate":"https:\/\/stepup.ecoprod.com\/?s={search_term_string}"},"query-input":{"@type":"PropertyValueSpecification","valueRequired":true,"valueName":"search_term_string"}}],"inLanguage":"fr-FR"},{"@type":"Organization","@id":"https:\/\/stepup.ecoprod.com\/#organization","name":"StepUP","url":"https:\/\/stepup.ecoprod.com\/","logo":{"@type":"ImageObject","inLanguage":"fr-FR","@id":"https:\/\/stepup.ecoprod.com\/#\/schema\/logo\/image\/","url":"https:\/\/stepup.ecoprod.com\/wp-content\/uploads\/2021\/10\/STEP-UP-VERT-KAKI_RVB.png","contentUrl":"https:\/\/stepup.ecoprod.com\/wp-content\/uploads\/2021\/10\/STEP-UP-VERT-KAKI_RVB.png","width":1993,"height":1000,"caption":"StepUP"},"image":{"@id":"https:\/\/stepup.ecoprod.com\/#\/schema\/logo\/image\/"}}]}},"_links":{"self":[{"href":"https:\/\/stepup.ecoprod.com\/fr\/wp-json\/wp\/v2\/product\/991736","targetHints":{"allow":["GET"]}}],"collection":[{"href":"https:\/\/stepup.ecoprod.com\/fr\/wp-json\/wp\/v2\/product"}],"about":[{"href":"https:\/\/stepup.ecoprod.com\/fr\/wp-json\/wp\/v2\/types\/product"}],"replies":[{"embeddable":true,"href":"https:\/\/stepup.ecoprod.com\/fr\/wp-json\/wp\/v2\/comments?post=991736"}],"version-history":[{"count":1,"href":"https:\/\/stepup.ecoprod.com\/fr\/wp-json\/wp\/v2\/product\/991736\/revisions"}],"predecessor-version":[{"id":991737,"href":"https:\/\/stepup.ecoprod.com\/fr\/wp-json\/wp\/v2\/product\/991736\/revisions\/991737"}],"wp:featuredmedia":[{"embeddable":true,"href":"https:\/\/stepup.ecoprod.com\/fr\/wp-json\/wp\/v2\/media\/991738"}],"wp:attachment":[{"href":"https:\/\/stepup.ecoprod.com\/fr\/wp-json\/wp\/v2\/media?parent=991736"}],"wp:term":[{"taxonomy":"product_brand","embeddable":true,"href":"https:\/\/stepup.ecoprod.com\/fr\/wp-json\/wp\/v2\/product_brand?post=991736"},{"taxonomy":"product_cat","embeddable":true,"href":"https:\/\/stepup.ecoprod.com\/fr\/wp-json\/wp\/v2\/product_cat?post=991736"},{"taxonomy":"product_tag","embeddable":true,"href":"https:\/\/stepup.ecoprod.com\/fr\/wp-json\/wp\/v2\/product_tag?post=991736"}],"curies":[{"name":"wp","href":"https:\/\/api.w.org\/{rel}","templated":true}]}}