{"id":988227,"date":"2024-11-05T12:07:56","date_gmt":"2024-11-05T11:07:56","guid":{"rendered":"https:\/\/ecoprod-formation.elearningtouch.info\/parcours\/leco-production-dans-un-contexte-international\/"},"modified":"2026-02-10T16:17:18","modified_gmt":"2026-02-10T15:17:18","slug":"leco-production-dans-un-contexte-international","status":"publish","type":"product","link":"https:\/\/stepup.ecoprod.com\/fr\/tracks\/leco-production-dans-un-contexte-international\/","title":{"rendered":"L&#8217;\u00e9co-production dans un contexte international"},"content":{"rendered":"\t\t<div data-elementor-type=\"product-post\" data-elementor-id=\"988227\" class=\"elementor elementor-988227\" data-elementor-post-type=\"product\">\n\t\t\t\t<div class=\"elementor-element elementor-element-df5c80e e-flex e-con-boxed e-con e-parent\" data-id=\"df5c80e\" data-element_type=\"container\">\n\t\t\t\t\t<div class=\"e-con-inner\">\n\t\t\t\t<div class=\"elementor-element elementor-element-3c7fc32 elementor-widget elementor-widget-text-editor\" data-id=\"3c7fc32\" data-element_type=\"widget\" data-widget_type=\"text-editor.default\">\n\t\t\t\t<div class=\"elementor-widget-container\">\n\t\t\t\t\t\t\t\t\t<p data-start=\"0\" data-end=\"831\">Avec l\u2019aggravation de la crise climatique, l\u2019industrie du cin\u00e9ma ne peut plus rester en marge. R\u00e9duire son impact environnemental est d\u00e9sormais une priorit\u00e9 urgente, impliquant une transformation profonde des pratiques de production. Si cette transition peut sembler complexe\u2014n\u00e9cessitant du temps, des investissements financiers et un engagement collectif\u2014elle repr\u00e9sente aussi une opportunit\u00e9 unique. Au-del\u00e0 de la mise en conformit\u00e9 avec de nouvelles r\u00e9glementations, l\u2019adoption de l\u2019\u00e9co-production ouvre l\u2019acc\u00e8s \u00e0 des financements suppl\u00e9mentaires, des incitations vertes et des soutiens financiers de la part des diffuseurs et institutions engag\u00e9s dans une d\u00e9marche durable. Plus encore, elle permet aux professionnels d\u2019aligner leur travail avec leurs valeurs, redonnant ainsi du sens et de la coh\u00e9rence au processus cr\u00e9atif.<\/p><p data-start=\"833\" data-end=\"1347\">La production cin\u00e9matographique et audiovisuelle pr\u00e9sente des d\u00e9fis sp\u00e9cifiques, notamment en mati\u00e8re de logistique et d\u2019organisation. Les strat\u00e9gies de durabilit\u00e9 doivent donc \u00eatre adapt\u00e9es aux r\u00e9alit\u00e9s de chaque projet. Ce cours vous apportera une compr\u00e9hension claire des raisons pour lesquelles cette transition est essentielle, des d\u00e9fis propres \u00e0 l\u2019industrie et des leviers \u00e0 activer pour d\u00e9velopper une strat\u00e9gie d\u2019\u00e9co-production efficace, avec un focus particulier sur les co-productions internationales.<\/p><p data-start=\"1349\" data-end=\"1850\" data-is-last-node=\"\">Vous explorerez les concepts cl\u00e9s, d\u00e9couvrirez l\u2019\u00e9volution des r\u00e9glementations environnementales et comprendrez comment les engagements en mati\u00e8re de durabilit\u00e9 peuvent renforcer votre acc\u00e8s aux financements et au soutien du secteur. Gr\u00e2ce \u00e0 une approche progressive, vous disposerez des outils n\u00e9cessaires pour r\u00e9duire l\u2019impact de vos productions tout en restant comp\u00e9titif dans un paysage en pleine mutation. Le changement est d\u00e9j\u00e0 en cours\u2014il est temps d\u2019agir et de faire de la durabilit\u00e9 un atout.<\/p>\t\t\t\t\t\t\t\t<\/div>\n\t\t\t\t<\/div>\n\t\t\t\t\t<\/div>\n\t\t\t\t<\/div>\n\t\t<div class=\"elementor-element elementor-element-15e4e6b e-flex e-con-boxed e-con e-parent\" data-id=\"15e4e6b\" data-element_type=\"container\">\n\t\t\t\t\t<div class=\"e-con-inner\">\n\t\t<div class=\"elementor-element elementor-element-9fd7448 e-con-full e-grid e-con e-child\" data-id=\"9fd7448\" data-element_type=\"container\">\n\t\t<div class=\"elementor-element elementor-element-4820c63 e-con-full e-flex e-con e-child\" data-id=\"4820c63\" data-element_type=\"container\">\n\t\t\t\t<div class=\"elementor-element elementor-element-93c5408 elementor-widget elementor-widget-heading\" data-id=\"93c5408\" data-element_type=\"widget\" data-widget_type=\"heading.default\">\n\t\t\t\t<div class=\"elementor-widget-container\">\n\t\t\t\t\t<h4 class=\"elementor-heading-title elementor-size-default\">D\u00e9roul\u00e9 du cours<\/h4>\t\t\t\t<\/div>\n\t\t\t\t<\/div>\n\t\t\t\t<div class=\"elementor-element elementor-element-eb23da6 elementor-widget elementor-widget-text-editor\" data-id=\"eb23da6\" data-element_type=\"widget\" data-widget_type=\"text-editor.default\">\n\t\t\t\t<div class=\"elementor-widget-container\">\n\t\t\t\t\t\t\t\t\t<h6 data-start=\"0\" data-end=\"41\">1. D\u00e9finition de l&#8217;\u00e9co-production<\/h6><ul data-start=\"42\" data-end=\"274\"><li data-start=\"42\" data-end=\"99\">La crise climatique et l&#8217;importance du calcul carbone<\/li><li data-start=\"100\" data-end=\"171\">La crise des ressources et la gestion des d\u00e9chets sur les tournages<\/li><li data-start=\"172\" data-end=\"230\">La crise de la biodiversit\u00e9 : filmer en milieu naturel<\/li><li data-start=\"231\" data-end=\"274\">Une quatri\u00e8me crise ? La crise du r\u00e9cit<\/li><\/ul><h6 data-start=\"276\" data-end=\"306\">2. D\u00c9FINIR UNE STRAT\u00c9GIE<\/h6><ul data-start=\"307\" data-end=\"522\"><li data-start=\"307\" data-end=\"336\">\u00c9co-production et budgets<\/li><li data-start=\"337\" data-end=\"385\">Les d\u00e9fis des co-productions internationales<\/li><li data-start=\"386\" data-end=\"470\">Les opportunit\u00e9s offertes par les r\u00e9glementations internationales et europ\u00e9ennes<\/li><li data-start=\"471\" data-end=\"522\">Naviguer parmi les initiatives d\u2019\u00e9co-production<\/li><\/ul><h6 data-start=\"524\" data-end=\"564\">3. METTRE LA STRAT\u00c9GIE EN PRATIQUE<\/h6><ul data-start=\"565\" data-end=\"853\" data-is-last-node=\"\"><li data-start=\"565\" data-end=\"589\">Outils et ressources<\/li><li data-start=\"590\" data-end=\"680\">Les d\u00e9fis de la conduite du changement : trois \u00e9tapes cl\u00e9s pour mobiliser votre \u00e9quipe<\/li><li data-start=\"681\" data-end=\"710\">Valoriser vos engagements<\/li><li data-start=\"711\" data-end=\"763\">Calculer l\u2019empreinte carbone de votre production<\/li><li data-start=\"764\" data-end=\"808\">\u00c9valuer votre strat\u00e9gie d\u2019\u00e9co-production<\/li><li data-start=\"809\" data-end=\"853\" data-is-last-node=\"\">Labels et certifications en \u00e9co-production<\/li><\/ul>\t\t\t\t\t\t\t\t<\/div>\n\t\t\t\t<\/div>\n\t\t\t\t<\/div>\n\t\t<div class=\"elementor-element elementor-element-e8dcad2 e-con-full e-flex e-con e-child\" data-id=\"e8dcad2\" data-element_type=\"container\">\n\t\t<div class=\"elementor-element elementor-element-580338b e-grid e-con-full e-con e-child\" data-id=\"580338b\" data-element_type=\"container\">\n\t\t<div class=\"elementor-element elementor-element-d80654d e-con-full e-flex e-con e-child\" data-id=\"d80654d\" data-element_type=\"container\">\n\t\t\t\t<div class=\"elementor-element elementor-element-39d8e57 elementor-widget elementor-widget-text-editor\" data-id=\"39d8e57\" data-element_type=\"widget\" data-widget_type=\"text-editor.default\">\n\t\t\t\t<div class=\"elementor-widget-container\">\n\t\t\t\t\t\t\t\t\t<p><strong>Temps estim\u00e9<\/strong><\/p><p><strong>Con\u00e7u pour<\/strong><\/p>\t\t\t\t\t\t\t\t<\/div>\n\t\t\t\t<\/div>\n\t\t\t\t<\/div>\n\t\t<div class=\"elementor-element elementor-element-7bf25d3 e-con-full e-flex e-con e-child\" data-id=\"7bf25d3\" data-element_type=\"container\">\n\t\t\t\t<div class=\"elementor-element elementor-element-160554a elementor-widget elementor-widget-text-editor\" data-id=\"160554a\" data-element_type=\"widget\" data-widget_type=\"text-editor.default\">\n\t\t\t\t<div class=\"elementor-widget-container\">\n\t\t\t\t\t\t\t\t\t<p>3h<\/p><p>Producteurs, commissions du film, financeurs, diffuseurs, fonds de soutien au cin\u00e9ma&#8230;<\/p>\t\t\t\t\t\t\t\t<\/div>\n\t\t\t\t<\/div>\n\t\t\t\t<\/div>\n\t\t\t\t<\/div>\n\t\t\t\t<\/div>\n\t\t\t\t<\/div>\n\t\t\t\t\t<\/div>\n\t\t\t\t<\/div>\n\t\t\t\t<\/div>\n\t\t","protected":false},"excerpt":{"rendered":"<p>Avec l\u2019aggravation de la crise climatique, l\u2019industrie du cin\u00e9ma ne peut plus rester en marge. R\u00e9duire son impact environnemental est d\u00e9sormais une priorit\u00e9 urgente, impliquant une transformation profonde des pratiques de production. Si cette transition peut sembler complexe\u2014n\u00e9cessitant du temps, des investissements financiers et un engagement collectif\u2014elle repr\u00e9sente aussi une opportunit\u00e9 unique. Au-del\u00e0 de la [&hellip;]<\/p>\n","protected":false},"featured_media":991730,"comment_status":"closed","ping_status":"closed","template":"","meta":[],"product_brand":[],"product_cat":[],"product_tag":[],"class_list":{"0":"post-988227","1":"product","2":"type-product","3":"status-publish","4":"has-post-thumbnail","7":"first","8":"instock","9":"sale","10":"downloadable","11":"virtual","12":"purchasable","13":"product-type-simple"},"yoast_head":"<!-- This site is optimized with the Yoast SEO plugin v24.4 - https:\/\/yoast.com\/wordpress\/plugins\/seo\/ -->\n<title>L&#039;\u00e9co-production dans un contexte international - StepUP<\/title>\n<meta name=\"robots\" content=\"index, follow, max-snippet:-1, max-image-preview:large, max-video-preview:-1\" \/>\n<link rel=\"canonical\" href=\"https:\/\/stepup.ecoprod.com\/fr\/tracks\/leco-production-dans-un-contexte-international\/\" \/>\n<meta property=\"og:locale\" content=\"fr_FR\" \/>\n<meta property=\"og:type\" content=\"article\" \/>\n<meta property=\"og:title\" content=\"L&#039;\u00e9co-production dans un contexte international - StepUP\" \/>\n<meta property=\"og:description\" content=\"Avec l\u2019aggravation de la crise climatique, l\u2019industrie du cin\u00e9ma ne peut plus rester en marge. R\u00e9duire son impact environnemental est d\u00e9sormais une priorit\u00e9 urgente, impliquant une transformation profonde des pratiques de production. Si cette transition peut sembler complexe\u2014n\u00e9cessitant du temps, des investissements financiers et un engagement collectif\u2014elle repr\u00e9sente aussi une opportunit\u00e9 unique. Au-del\u00e0 de la [&hellip;]\" \/>\n<meta property=\"og:url\" content=\"https:\/\/stepup.ecoprod.com\/fr\/tracks\/leco-production-dans-un-contexte-international\/\" \/>\n<meta property=\"og:site_name\" content=\"StepUP\" \/>\n<meta property=\"article:modified_time\" content=\"2026-02-10T15:17:18+00:00\" \/>\n<meta property=\"og:image\" content=\"https:\/\/stepup.ecoprod.com\/wp-content\/uploads\/2024\/11\/Headers-StepUP-Graphs-1.png\" \/>\n\t<meta property=\"og:image:width\" content=\"300\" \/>\n\t<meta property=\"og:image:height\" content=\"200\" \/>\n\t<meta property=\"og:image:type\" content=\"image\/png\" \/>\n<meta name=\"twitter:card\" content=\"summary_large_image\" \/>\n<meta name=\"twitter:label1\" content=\"Dur\u00e9e de lecture estim\u00e9e\" \/>\n\t<meta name=\"twitter:data1\" content=\"2 minutes\" \/>\n<script type=\"application\/ld+json\" class=\"yoast-schema-graph\">{\"@context\":\"https:\/\/schema.org\",\"@graph\":[{\"@type\":\"WebPage\",\"@id\":\"https:\/\/stepup.ecoprod.com\/fr\/tracks\/leco-production-dans-un-contexte-international\/\",\"url\":\"https:\/\/stepup.ecoprod.com\/fr\/tracks\/leco-production-dans-un-contexte-international\/\",\"name\":\"L'\u00e9co-production dans un contexte international - StepUP\",\"isPartOf\":{\"@id\":\"https:\/\/stepup.ecoprod.com\/#website\"},\"primaryImageOfPage\":{\"@id\":\"https:\/\/stepup.ecoprod.com\/fr\/tracks\/leco-production-dans-un-contexte-international\/#primaryimage\"},\"image\":{\"@id\":\"https:\/\/stepup.ecoprod.com\/fr\/tracks\/leco-production-dans-un-contexte-international\/#primaryimage\"},\"thumbnailUrl\":\"https:\/\/stepup.ecoprod.com\/wp-content\/uploads\/2024\/11\/Headers-StepUP-Graphs-1.png\",\"datePublished\":\"2024-11-05T11:07:56+00:00\",\"dateModified\":\"2026-02-10T15:17:18+00:00\",\"breadcrumb\":{\"@id\":\"https:\/\/stepup.ecoprod.com\/fr\/tracks\/leco-production-dans-un-contexte-international\/#breadcrumb\"},\"inLanguage\":\"fr-FR\",\"potentialAction\":[{\"@type\":\"ReadAction\",\"target\":[\"https:\/\/stepup.ecoprod.com\/fr\/tracks\/leco-production-dans-un-contexte-international\/\"]}]},{\"@type\":\"ImageObject\",\"inLanguage\":\"fr-FR\",\"@id\":\"https:\/\/stepup.ecoprod.com\/fr\/tracks\/leco-production-dans-un-contexte-international\/#primaryimage\",\"url\":\"https:\/\/stepup.ecoprod.com\/wp-content\/uploads\/2024\/11\/Headers-StepUP-Graphs-1.png\",\"contentUrl\":\"https:\/\/stepup.ecoprod.com\/wp-content\/uploads\/2024\/11\/Headers-StepUP-Graphs-1.png\",\"width\":300,\"height\":200},{\"@type\":\"BreadcrumbList\",\"@id\":\"https:\/\/stepup.ecoprod.com\/fr\/tracks\/leco-production-dans-un-contexte-international\/#breadcrumb\",\"itemListElement\":[{\"@type\":\"ListItem\",\"position\":1,\"name\":\"Accueil\",\"item\":\"https:\/\/stepup.ecoprod.com\/fr\/\"},{\"@type\":\"ListItem\",\"position\":2,\"name\":\"E-learning\",\"item\":\"https:\/\/stepup.ecoprod.com\/fr\/tracks\/\"},{\"@type\":\"ListItem\",\"position\":3,\"name\":\"L&#8217;\u00e9co-production dans un contexte international\"}]},{\"@type\":\"WebSite\",\"@id\":\"https:\/\/stepup.ecoprod.com\/#website\",\"url\":\"https:\/\/stepup.ecoprod.com\/\",\"name\":\"StepUP\",\"description\":\"\",\"publisher\":{\"@id\":\"https:\/\/stepup.ecoprod.com\/#organization\"},\"potentialAction\":[{\"@type\":\"SearchAction\",\"target\":{\"@type\":\"EntryPoint\",\"urlTemplate\":\"https:\/\/stepup.ecoprod.com\/?s={search_term_string}\"},\"query-input\":{\"@type\":\"PropertyValueSpecification\",\"valueRequired\":true,\"valueName\":\"search_term_string\"}}],\"inLanguage\":\"fr-FR\"},{\"@type\":\"Organization\",\"@id\":\"https:\/\/stepup.ecoprod.com\/#organization\",\"name\":\"StepUP\",\"url\":\"https:\/\/stepup.ecoprod.com\/\",\"logo\":{\"@type\":\"ImageObject\",\"inLanguage\":\"fr-FR\",\"@id\":\"https:\/\/stepup.ecoprod.com\/#\/schema\/logo\/image\/\",\"url\":\"https:\/\/stepup.ecoprod.com\/wp-content\/uploads\/2021\/10\/STEP-UP-VERT-KAKI_RVB.png\",\"contentUrl\":\"https:\/\/stepup.ecoprod.com\/wp-content\/uploads\/2021\/10\/STEP-UP-VERT-KAKI_RVB.png\",\"width\":1993,\"height\":1000,\"caption\":\"StepUP\"},\"image\":{\"@id\":\"https:\/\/stepup.ecoprod.com\/#\/schema\/logo\/image\/\"}}]}<\/script>\n<!-- \/ Yoast SEO plugin. -->","yoast_head_json":{"title":"L'\u00e9co-production dans un contexte international - StepUP","robots":{"index":"index","follow":"follow","max-snippet":"max-snippet:-1","max-image-preview":"max-image-preview:large","max-video-preview":"max-video-preview:-1"},"canonical":"https:\/\/stepup.ecoprod.com\/fr\/tracks\/leco-production-dans-un-contexte-international\/","og_locale":"fr_FR","og_type":"article","og_title":"L'\u00e9co-production dans un contexte international - StepUP","og_description":"Avec l\u2019aggravation de la crise climatique, l\u2019industrie du cin\u00e9ma ne peut plus rester en marge. R\u00e9duire son impact environnemental est d\u00e9sormais une priorit\u00e9 urgente, impliquant une transformation profonde des pratiques de production. Si cette transition peut sembler complexe\u2014n\u00e9cessitant du temps, des investissements financiers et un engagement collectif\u2014elle repr\u00e9sente aussi une opportunit\u00e9 unique. Au-del\u00e0 de la [&hellip;]","og_url":"https:\/\/stepup.ecoprod.com\/fr\/tracks\/leco-production-dans-un-contexte-international\/","og_site_name":"StepUP","article_modified_time":"2026-02-10T15:17:18+00:00","og_image":[{"width":300,"height":200,"url":"https:\/\/stepup.ecoprod.com\/wp-content\/uploads\/2024\/11\/Headers-StepUP-Graphs-1.png","type":"image\/png"}],"twitter_card":"summary_large_image","twitter_misc":{"Dur\u00e9e de lecture estim\u00e9e":"2 minutes"},"schema":{"@context":"https:\/\/schema.org","@graph":[{"@type":"WebPage","@id":"https:\/\/stepup.ecoprod.com\/fr\/tracks\/leco-production-dans-un-contexte-international\/","url":"https:\/\/stepup.ecoprod.com\/fr\/tracks\/leco-production-dans-un-contexte-international\/","name":"L'\u00e9co-production dans un contexte international - StepUP","isPartOf":{"@id":"https:\/\/stepup.ecoprod.com\/#website"},"primaryImageOfPage":{"@id":"https:\/\/stepup.ecoprod.com\/fr\/tracks\/leco-production-dans-un-contexte-international\/#primaryimage"},"image":{"@id":"https:\/\/stepup.ecoprod.com\/fr\/tracks\/leco-production-dans-un-contexte-international\/#primaryimage"},"thumbnailUrl":"https:\/\/stepup.ecoprod.com\/wp-content\/uploads\/2024\/11\/Headers-StepUP-Graphs-1.png","datePublished":"2024-11-05T11:07:56+00:00","dateModified":"2026-02-10T15:17:18+00:00","breadcrumb":{"@id":"https:\/\/stepup.ecoprod.com\/fr\/tracks\/leco-production-dans-un-contexte-international\/#breadcrumb"},"inLanguage":"fr-FR","potentialAction":[{"@type":"ReadAction","target":["https:\/\/stepup.ecoprod.com\/fr\/tracks\/leco-production-dans-un-contexte-international\/"]}]},{"@type":"ImageObject","inLanguage":"fr-FR","@id":"https:\/\/stepup.ecoprod.com\/fr\/tracks\/leco-production-dans-un-contexte-international\/#primaryimage","url":"https:\/\/stepup.ecoprod.com\/wp-content\/uploads\/2024\/11\/Headers-StepUP-Graphs-1.png","contentUrl":"https:\/\/stepup.ecoprod.com\/wp-content\/uploads\/2024\/11\/Headers-StepUP-Graphs-1.png","width":300,"height":200},{"@type":"BreadcrumbList","@id":"https:\/\/stepup.ecoprod.com\/fr\/tracks\/leco-production-dans-un-contexte-international\/#breadcrumb","itemListElement":[{"@type":"ListItem","position":1,"name":"Accueil","item":"https:\/\/stepup.ecoprod.com\/fr\/"},{"@type":"ListItem","position":2,"name":"E-learning","item":"https:\/\/stepup.ecoprod.com\/fr\/tracks\/"},{"@type":"ListItem","position":3,"name":"L&#8217;\u00e9co-production dans un contexte international"}]},{"@type":"WebSite","@id":"https:\/\/stepup.ecoprod.com\/#website","url":"https:\/\/stepup.ecoprod.com\/","name":"StepUP","description":"","publisher":{"@id":"https:\/\/stepup.ecoprod.com\/#organization"},"potentialAction":[{"@type":"SearchAction","target":{"@type":"EntryPoint","urlTemplate":"https:\/\/stepup.ecoprod.com\/?s={search_term_string}"},"query-input":{"@type":"PropertyValueSpecification","valueRequired":true,"valueName":"search_term_string"}}],"inLanguage":"fr-FR"},{"@type":"Organization","@id":"https:\/\/stepup.ecoprod.com\/#organization","name":"StepUP","url":"https:\/\/stepup.ecoprod.com\/","logo":{"@type":"ImageObject","inLanguage":"fr-FR","@id":"https:\/\/stepup.ecoprod.com\/#\/schema\/logo\/image\/","url":"https:\/\/stepup.ecoprod.com\/wp-content\/uploads\/2021\/10\/STEP-UP-VERT-KAKI_RVB.png","contentUrl":"https:\/\/stepup.ecoprod.com\/wp-content\/uploads\/2021\/10\/STEP-UP-VERT-KAKI_RVB.png","width":1993,"height":1000,"caption":"StepUP"},"image":{"@id":"https:\/\/stepup.ecoprod.com\/#\/schema\/logo\/image\/"}}]}},"_links":{"self":[{"href":"https:\/\/stepup.ecoprod.com\/fr\/wp-json\/wp\/v2\/product\/988227","targetHints":{"allow":["GET"]}}],"collection":[{"href":"https:\/\/stepup.ecoprod.com\/fr\/wp-json\/wp\/v2\/product"}],"about":[{"href":"https:\/\/stepup.ecoprod.com\/fr\/wp-json\/wp\/v2\/types\/product"}],"replies":[{"embeddable":true,"href":"https:\/\/stepup.ecoprod.com\/fr\/wp-json\/wp\/v2\/comments?post=988227"}],"version-history":[{"count":14,"href":"https:\/\/stepup.ecoprod.com\/fr\/wp-json\/wp\/v2\/product\/988227\/revisions"}],"predecessor-version":[{"id":990305,"href":"https:\/\/stepup.ecoprod.com\/fr\/wp-json\/wp\/v2\/product\/988227\/revisions\/990305"}],"wp:featuredmedia":[{"embeddable":true,"href":"https:\/\/stepup.ecoprod.com\/fr\/wp-json\/wp\/v2\/media\/991730"}],"wp:attachment":[{"href":"https:\/\/stepup.ecoprod.com\/fr\/wp-json\/wp\/v2\/media?parent=988227"}],"wp:term":[{"taxonomy":"product_brand","embeddable":true,"href":"https:\/\/stepup.ecoprod.com\/fr\/wp-json\/wp\/v2\/product_brand?post=988227"},{"taxonomy":"product_cat","embeddable":true,"href":"https:\/\/stepup.ecoprod.com\/fr\/wp-json\/wp\/v2\/product_cat?post=988227"},{"taxonomy":"product_tag","embeddable":true,"href":"https:\/\/stepup.ecoprod.com\/fr\/wp-json\/wp\/v2\/product_tag?post=988227"}],"curies":[{"name":"wp","href":"https:\/\/api.w.org\/{rel}","templated":true}]}}