{"id":989739,"date":"2024-10-16T10:13:57","date_gmt":"2024-10-16T08:13:57","guid":{"rendered":"https:\/\/stepup.ecoprod.com\/resources\/"},"modified":"2026-01-19T17:03:58","modified_gmt":"2026-01-19T16:03:58","slug":"resources","status":"publish","type":"page","link":"https:\/\/stepup.ecoprod.com\/fr\/resources\/","title":{"rendered":"Ressources"},"content":{"rendered":"\t\t<div data-elementor-type=\"wp-page\" data-elementor-id=\"989739\" class=\"elementor elementor-989739 elementor-987716\" data-elementor-post-type=\"page\">\n\t\t\t\t<div class=\"elementor-element elementor-element-c313f98 e-flex e-con-boxed e-con e-parent\" data-id=\"c313f98\" data-element_type=\"container\">\n\t\t\t\t\t<div class=\"e-con-inner\">\n\t\t\t\t<div class=\"elementor-element elementor-element-4866598 elementor-widget elementor-widget-heading\" data-id=\"4866598\" data-element_type=\"widget\" data-widget_type=\"heading.default\">\n\t\t\t\t<div class=\"elementor-widget-container\">\n\t\t\t\t\t<h2 class=\"elementor-heading-title elementor-size-default\">Map<\/h2>\t\t\t\t<\/div>\n\t\t\t\t<\/div>\n\t\t\t\t\t<\/div>\n\t\t\t\t<\/div>\n\t\t<div class=\"elementor-element elementor-element-ef1dc6f e-flex e-con-boxed e-con e-parent\" data-id=\"ef1dc6f\" data-element_type=\"container\">\n\t\t\t\t\t<div class=\"e-con-inner\">\n\t\t\t\t<div class=\"elementor-element elementor-element-fbc3b00 elementor-widget elementor-widget-spacer\" data-id=\"fbc3b00\" data-element_type=\"widget\" data-widget_type=\"spacer.default\">\n\t\t\t\t<div class=\"elementor-widget-container\">\n\t\t\t\t\t\t\t<div class=\"elementor-spacer\">\n\t\t\t<div class=\"elementor-spacer-inner\"><\/div>\n\t\t<\/div>\n\t\t\t\t\t\t<\/div>\n\t\t\t\t<\/div>\n\t\t\t\t\t<\/div>\n\t\t\t\t<\/div>\n\t\t<div class=\"elementor-element elementor-element-2eb6a69e e-flex e-con-boxed e-con e-parent\" data-id=\"2eb6a69e\" data-element_type=\"container\">\n\t\t\t\t\t<div class=\"e-con-inner\">\n\t\t<div class=\"elementor-element elementor-element-abfe809 e-con-full e-flex e-con e-child\" data-id=\"abfe809\" data-element_type=\"container\">\n\t\t\t\t<div class=\"elementor-element elementor-element-6a7ebbb elementor-widget elementor-widget-text-editor\" data-id=\"6a7ebbb\" data-element_type=\"widget\" data-widget_type=\"text-editor.default\">\n\t\t\t\t<div class=\"elementor-widget-container\">\n\t\t\t\t\t\t\t\t\t<div class=\"flex-shrink-0 flex flex-col relative items-end\">\n<div>\n<div class=\"pt-0\">\n<div class=\"gizmo-bot-avatar flex h-8 w-8 items-center justify-center overflow-hidden rounded-full\">\n<div class=\"relative p-1 rounded-sm flex items-center justify-center bg-token-main-surface-primary text-token-text-primary h-8 w-8\"><span style=\"color: var(--vamtam-widget-text-lighter); letter-spacing: var(--vamtam-primary-font-letter-spacing-desktop,normal); text-transform: var(--vamtam-primary-font-transform,none);\">Cette carte collaborative fournit une s\u00e9rie d&#8217;informations et de ressources sur la production verte dans diff\u00e9rents pays, avec la contribution de nos pr\u00e9cieux <a href=\"https:\/\/stepup.ecoprod.com\/fr\/partners\/\">partenaires.<\/a> <\/span><\/div>\n<div class=\"relative p-1 rounded-sm flex items-center justify-center bg-token-main-surface-primary text-token-text-primary h-8 w-8\"><span style=\"color: var(--vamtam-widget-text-lighter); letter-spacing: var(--vamtam-primary-font-letter-spacing-desktop,normal); text-transform: var(--vamtam-primary-font-transform,none);\">Parcourez et cliquez sur les pays pour explorer les d\u00e9tails qui vous int\u00e9ressent.<\/span><\/div>\n<\/div>\n<\/div>\n<\/div>\n<\/div>\n\t\t\t\t\t\t\t\t<\/div>\n\t\t\t\t<\/div>\n\t\t<div class=\"elementor-element elementor-element-2960db2 e-grid e-con-full e-con e-child\" data-id=\"2960db2\" data-element_type=\"container\" data-settings=\"{&quot;background_background&quot;:&quot;classic&quot;}\">\n\t\t\t\t<div class=\"elementor-element elementor-element-f5f943a elementor-widget elementor-widget-text-editor\" data-id=\"f5f943a\" data-element_type=\"widget\" data-widget_type=\"text-editor.default\">\n\t\t\t\t<div class=\"elementor-widget-container\">\n\t\t\t\t\t\t\t\t\t<p><strong>Missing country or info? Complete our country profile form or submit data.<\/strong><\/p>\n\t\t\t\t\t\t\t\t<\/div>\n\t\t\t\t<\/div>\n\t\t\t\t<div class=\"elementor-element elementor-element-efbdcaf elementor-align-justify elementor-widget__width-initial elementor-widget elementor-widget-button\" data-id=\"efbdcaf\" data-element_type=\"widget\" data-widget_type=\"button.default\">\n\t\t\t\t<div class=\"elementor-widget-container\">\n\t\t\t\t\t\t\t\t\t<div class=\"elementor-button-wrapper\">\n\t\t\t\t\t<a class=\"elementor-button elementor-button-link elementor-size-sm\" href=\"https:\/\/stepup.ecoprod.com\/create-a-country-profile\/\" target=\"_blank\">\n\t\t\t\t\t\t<span class=\"elementor-button-content-wrapper\">\n\t\t\t\t\t\t\t\t\t<span class=\"elementor-button-text\">Contribute<\/span>\n\t\t\t\t\t<\/span>\n\t\t\t\t\t<\/a>\n\t\t\t\t<\/div>\n\t\t\t\t\t\t\t\t<\/div>\n\t\t\t\t<\/div>\n\t\t\t\t<\/div>\n\t\t\t\t<\/div>\n\t\t\t\t\t<\/div>\n\t\t\t\t<\/div>\n\t\t<div class=\"elementor-element elementor-element-25579af e-flex e-con-boxed e-con e-parent\" data-id=\"25579af\" data-element_type=\"container\">\n\t\t\t\t\t<div class=\"e-con-inner\">\n\t\t\t\t<div class=\"elementor-element elementor-element-fae26b8 elementor-widget elementor-widget-spacer\" data-id=\"fae26b8\" data-element_type=\"widget\" data-widget_type=\"spacer.default\">\n\t\t\t\t<div class=\"elementor-widget-container\">\n\t\t\t\t\t\t\t<div class=\"elementor-spacer\">\n\t\t\t<div class=\"elementor-spacer-inner\"><\/div>\n\t\t<\/div>\n\t\t\t\t\t\t<\/div>\n\t\t\t\t<\/div>\n\t\t\t\t\t<\/div>\n\t\t\t\t<\/div>\n\t\t<div class=\"elementor-element elementor-element-619a467 e-con-full e-flex e-con e-parent\" data-id=\"619a467\" data-element_type=\"container\">\n\t\t\t\t<div class=\"elementor-element elementor-element-124795cd elementor-widget__width-inherit elementor-widget elementor-widget-shortcode\" data-id=\"124795cd\" data-element_type=\"widget\" data-widget_type=\"shortcode.default\">\n\t\t\t\t<div class=\"elementor-widget-container\">\n\t\t\t\t\t\t\t<div class=\"elementor-shortcode\"><div class=\"map_wrapper\" id=\"map_wrapper_987838\">\n<div class=\"map_box\" style=\"max-width:2200px\">\n<div class=\"map_aspect_ratio\" style=\"padding-top:56%\" data-padding-top=\"56%\" data-padding-top-mobile=\"0%\">\n<div class=\"map_container\">\n<div class=\"map_render map_loading\" id=\"map_987838\"><\/div>\n<\/div>\n<\/div>\n<\/div>\n<\/div><\/div>\n\t\t\t\t\t\t<\/div>\n\t\t\t\t<\/div>\n\t\t\t\t<\/div>\n\t\t<div class=\"elementor-element elementor-element-335089ce e-flex e-con-boxed e-con e-parent\" data-id=\"335089ce\" data-element_type=\"container\">\n\t\t\t\t\t<div class=\"e-con-inner\">\n\t\t\t\t<div class=\"elementor-element elementor-element-15211ddc elementor-widget elementor-widget-spacer\" data-id=\"15211ddc\" data-element_type=\"widget\" data-widget_type=\"spacer.default\">\n\t\t\t\t<div class=\"elementor-widget-container\">\n\t\t\t\t\t\t\t<div class=\"elementor-spacer\">\n\t\t\t<div class=\"elementor-spacer-inner\"><\/div>\n\t\t<\/div>\n\t\t\t\t\t\t<\/div>\n\t\t\t\t<\/div>\n\t\t\t\t\t<\/div>\n\t\t\t\t<\/div>\n\t\t<div class=\"elementor-element elementor-element-ef3bda0 e-flex e-con-boxed e-con e-parent\" data-id=\"ef3bda0\" data-element_type=\"container\">\n\t\t\t\t\t<div class=\"e-con-inner\">\n\t\t\t\t<div class=\"elementor-element elementor-element-4364a3a1 elementor-widget elementor-widget-spacer\" data-id=\"4364a3a1\" data-element_type=\"widget\" data-widget_type=\"spacer.default\">\n\t\t\t\t<div class=\"elementor-widget-container\">\n\t\t\t\t\t\t\t<div class=\"elementor-spacer\">\n\t\t\t<div class=\"elementor-spacer-inner\"><\/div>\n\t\t<\/div>\n\t\t\t\t\t\t<\/div>\n\t\t\t\t<\/div>\n\t\t\t\t\t<\/div>\n\t\t\t\t<\/div>\n\t\t<div class=\"elementor-element elementor-element-58c937e0 e-flex e-con-boxed e-con e-parent\" data-id=\"58c937e0\" data-element_type=\"container\">\n\t\t\t\t\t<div class=\"e-con-inner\">\n\t\t<div class=\"elementor-element elementor-element-6915b8f e-con-full e-flex e-con e-child\" data-id=\"6915b8f\" data-element_type=\"container\" data-settings=\"{&quot;background_background&quot;:&quot;classic&quot;}\">\n\t\t\t\t<div class=\"elementor-element elementor-element-3d2ef02c elementor-widget elementor-widget-text-editor\" data-id=\"3d2ef02c\" data-element_type=\"widget\" data-widget_type=\"text-editor.default\">\n\t\t\t\t<div class=\"elementor-widget-container\">\n\t\t\t\t\t\t\t\t\t<p><span style=\"font-weight: 400;\">Vous souhaitez plus d&#8217;informations ? Rendez-vous sur le site  <\/span><a href=\"https:\/\/www.greentoolkit-filmtv.eu\/database\/\"><span style=\"font-weight: 400;\">GreenToolkit Film &amp; TV<\/span><\/a><span style=\"font-weight: 400;\"> pour consulter leur base de donn\u00e9es sur les productions vertes et d\u00e9couvrir d&#8217;autres outils, calculateurs de carbone et guides.<\/span><\/p>\n\t\t\t\t\t\t\t\t<\/div>\n\t\t\t\t<\/div>\n\t\t\t\t<div class=\"elementor-element elementor-element-2c3696c1 elementor-widget elementor-widget-image\" data-id=\"2c3696c1\" data-element_type=\"widget\" data-widget_type=\"image.default\">\n\t\t\t\t<div class=\"elementor-widget-container\">\n\t\t\t\t\t\t\t\t\t\t\t\t\t\t\t\t<a href=\"https:\/\/www.greentoolkit-filmtv.eu\/database\/\">\n\t\t\t\t\t\t\t<img decoding=\"async\" width=\"219\" height=\"184\" src=\"https:\/\/stepup.ecoprod.com\/wp-content\/uploads\/2025\/01\/gflt.png\" class=\"attachment-medium size-medium wp-image-988759\" alt=\"\" \/>\t\t\t\t\t\t\t\t<\/a>\n\t\t\t\t\t\t\t\t\t\t\t\t\t\t\t<\/div>\n\t\t\t\t<\/div>\n\t\t\t\t<\/div>\n\t\t\t\t\t<\/div>\n\t\t\t\t<\/div>\n\t\t<div class=\"elementor-element elementor-element-24232cec e-flex e-con-boxed e-con e-parent\" data-id=\"24232cec\" data-element_type=\"container\">\n\t\t\t\t\t<div class=\"e-con-inner\">\n\t\t\t\t<div class=\"elementor-element elementor-element-1e7241d1 elementor-widget elementor-widget-spacer\" data-id=\"1e7241d1\" data-element_type=\"widget\" data-widget_type=\"spacer.default\">\n\t\t\t\t<div class=\"elementor-widget-container\">\n\t\t\t\t\t\t\t<div class=\"elementor-spacer\">\n\t\t\t<div class=\"elementor-spacer-inner\"><\/div>\n\t\t<\/div>\n\t\t\t\t\t\t<\/div>\n\t\t\t\t<\/div>\n\t\t\t\t\t<\/div>\n\t\t\t\t<\/div>\n\t\t\t\t<\/div>\n\t\t","protected":false},"excerpt":{"rendered":"<p>Map Cette carte collaborative fournit une s\u00e9rie d&#8217;informations et de ressources sur la production verte dans diff\u00e9rents pays, avec la contribution de nos pr\u00e9cieux partenaires. Parcourez et cliquez sur les pays pour explorer les d\u00e9tails qui vous int\u00e9ressent. Missing country or info? Complete our country profile form or submit data. Contribute Vous souhaitez plus d&#8217;informations [&hellip;]<\/p>\n","protected":false},"author":1,"featured_media":0,"parent":0,"menu_order":0,"comment_status":"closed","ping_status":"closed","template":"","meta":{"footnotes":""},"class_list":["post-989739","page","type-page","status-publish","hentry"],"yoast_head":"<!-- This site is optimized with the Yoast SEO plugin v24.4 - https:\/\/yoast.com\/wordpress\/plugins\/seo\/ -->\n<title>Ressources - StepUP<\/title>\n<meta name=\"robots\" content=\"index, follow, max-snippet:-1, max-image-preview:large, max-video-preview:-1\" \/>\n<link rel=\"canonical\" href=\"https:\/\/stepup.ecoprod.com\/resources\/\" \/>\n<meta property=\"og:locale\" content=\"fr_FR\" \/>\n<meta property=\"og:type\" content=\"article\" \/>\n<meta property=\"og:title\" content=\"Ressources - StepUP\" \/>\n<meta property=\"og:description\" content=\"Map Cette carte collaborative fournit une s\u00e9rie d&#8217;informations et de ressources sur la production verte dans diff\u00e9rents pays, avec la contribution de nos pr\u00e9cieux partenaires. Parcourez et cliquez sur les pays pour explorer les d\u00e9tails qui vous int\u00e9ressent. Missing country or info? Complete our country profile form or submit data. Contribute Vous souhaitez plus d&#8217;informations [&hellip;]\" \/>\n<meta property=\"og:url\" content=\"https:\/\/stepup.ecoprod.com\/resources\/\" \/>\n<meta property=\"og:site_name\" content=\"StepUP\" \/>\n<meta property=\"article:modified_time\" content=\"2026-01-19T16:03:58+00:00\" \/>\n<meta property=\"og:image\" content=\"https:\/\/stepup.ecoprod.com\/wp-content\/uploads\/2025\/01\/gflt.png\" \/>\n\t<meta property=\"og:image:width\" content=\"219\" \/>\n\t<meta property=\"og:image:height\" content=\"184\" \/>\n\t<meta property=\"og:image:type\" content=\"image\/png\" \/>\n<meta name=\"twitter:card\" content=\"summary_large_image\" \/>\n<script type=\"application\/ld+json\" class=\"yoast-schema-graph\">{\"@context\":\"https:\/\/schema.org\",\"@graph\":[{\"@type\":\"WebPage\",\"@id\":\"https:\/\/stepup.ecoprod.com\/resources\/\",\"url\":\"https:\/\/stepup.ecoprod.com\/resources\/\",\"name\":\"Ressources - StepUP\",\"isPartOf\":{\"@id\":\"https:\/\/stepup.ecoprod.com\/#website\"},\"primaryImageOfPage\":{\"@id\":\"https:\/\/stepup.ecoprod.com\/resources\/#primaryimage\"},\"image\":{\"@id\":\"https:\/\/stepup.ecoprod.com\/resources\/#primaryimage\"},\"thumbnailUrl\":\"https:\/\/stepup.ecoprod.com\/wp-content\/uploads\/2025\/01\/gflt.png\",\"datePublished\":\"2024-10-16T08:13:57+00:00\",\"dateModified\":\"2026-01-19T16:03:58+00:00\",\"breadcrumb\":{\"@id\":\"https:\/\/stepup.ecoprod.com\/resources\/#breadcrumb\"},\"inLanguage\":\"fr-FR\",\"potentialAction\":[{\"@type\":\"ReadAction\",\"target\":[\"https:\/\/stepup.ecoprod.com\/resources\/\"]}]},{\"@type\":\"ImageObject\",\"inLanguage\":\"fr-FR\",\"@id\":\"https:\/\/stepup.ecoprod.com\/resources\/#primaryimage\",\"url\":\"https:\/\/stepup.ecoprod.com\/wp-content\/uploads\/2025\/01\/gflt.png\",\"contentUrl\":\"https:\/\/stepup.ecoprod.com\/wp-content\/uploads\/2025\/01\/gflt.png\"},{\"@type\":\"BreadcrumbList\",\"@id\":\"https:\/\/stepup.ecoprod.com\/resources\/#breadcrumb\",\"itemListElement\":[{\"@type\":\"ListItem\",\"position\":1,\"name\":\"Accueil\",\"item\":\"https:\/\/stepup.ecoprod.com\/fr\/\"},{\"@type\":\"ListItem\",\"position\":2,\"name\":\"Ressources\"}]},{\"@type\":\"WebSite\",\"@id\":\"https:\/\/stepup.ecoprod.com\/#website\",\"url\":\"https:\/\/stepup.ecoprod.com\/\",\"name\":\"StepUP\",\"description\":\"\",\"publisher\":{\"@id\":\"https:\/\/stepup.ecoprod.com\/#organization\"},\"potentialAction\":[{\"@type\":\"SearchAction\",\"target\":{\"@type\":\"EntryPoint\",\"urlTemplate\":\"https:\/\/stepup.ecoprod.com\/?s={search_term_string}\"},\"query-input\":{\"@type\":\"PropertyValueSpecification\",\"valueRequired\":true,\"valueName\":\"search_term_string\"}}],\"inLanguage\":\"fr-FR\"},{\"@type\":\"Organization\",\"@id\":\"https:\/\/stepup.ecoprod.com\/#organization\",\"name\":\"StepUP\",\"url\":\"https:\/\/stepup.ecoprod.com\/\",\"logo\":{\"@type\":\"ImageObject\",\"inLanguage\":\"fr-FR\",\"@id\":\"https:\/\/stepup.ecoprod.com\/#\/schema\/logo\/image\/\",\"url\":\"https:\/\/stepup.ecoprod.com\/wp-content\/uploads\/2021\/10\/STEP-UP-VERT-KAKI_RVB.png\",\"contentUrl\":\"https:\/\/stepup.ecoprod.com\/wp-content\/uploads\/2021\/10\/STEP-UP-VERT-KAKI_RVB.png\",\"width\":1993,\"height\":1000,\"caption\":\"StepUP\"},\"image\":{\"@id\":\"https:\/\/stepup.ecoprod.com\/#\/schema\/logo\/image\/\"}}]}<\/script>\n<!-- \/ Yoast SEO plugin. -->","yoast_head_json":{"title":"Ressources - StepUP","robots":{"index":"index","follow":"follow","max-snippet":"max-snippet:-1","max-image-preview":"max-image-preview:large","max-video-preview":"max-video-preview:-1"},"canonical":"https:\/\/stepup.ecoprod.com\/resources\/","og_locale":"fr_FR","og_type":"article","og_title":"Ressources - StepUP","og_description":"Map Cette carte collaborative fournit une s\u00e9rie d&#8217;informations et de ressources sur la production verte dans diff\u00e9rents pays, avec la contribution de nos pr\u00e9cieux partenaires. Parcourez et cliquez sur les pays pour explorer les d\u00e9tails qui vous int\u00e9ressent. Missing country or info? Complete our country profile form or submit data. Contribute Vous souhaitez plus d&#8217;informations [&hellip;]","og_url":"https:\/\/stepup.ecoprod.com\/resources\/","og_site_name":"StepUP","article_modified_time":"2026-01-19T16:03:58+00:00","og_image":[{"width":219,"height":184,"url":"https:\/\/stepup.ecoprod.com\/wp-content\/uploads\/2025\/01\/gflt.png","type":"image\/png"}],"twitter_card":"summary_large_image","schema":{"@context":"https:\/\/schema.org","@graph":[{"@type":"WebPage","@id":"https:\/\/stepup.ecoprod.com\/resources\/","url":"https:\/\/stepup.ecoprod.com\/resources\/","name":"Ressources - StepUP","isPartOf":{"@id":"https:\/\/stepup.ecoprod.com\/#website"},"primaryImageOfPage":{"@id":"https:\/\/stepup.ecoprod.com\/resources\/#primaryimage"},"image":{"@id":"https:\/\/stepup.ecoprod.com\/resources\/#primaryimage"},"thumbnailUrl":"https:\/\/stepup.ecoprod.com\/wp-content\/uploads\/2025\/01\/gflt.png","datePublished":"2024-10-16T08:13:57+00:00","dateModified":"2026-01-19T16:03:58+00:00","breadcrumb":{"@id":"https:\/\/stepup.ecoprod.com\/resources\/#breadcrumb"},"inLanguage":"fr-FR","potentialAction":[{"@type":"ReadAction","target":["https:\/\/stepup.ecoprod.com\/resources\/"]}]},{"@type":"ImageObject","inLanguage":"fr-FR","@id":"https:\/\/stepup.ecoprod.com\/resources\/#primaryimage","url":"https:\/\/stepup.ecoprod.com\/wp-content\/uploads\/2025\/01\/gflt.png","contentUrl":"https:\/\/stepup.ecoprod.com\/wp-content\/uploads\/2025\/01\/gflt.png"},{"@type":"BreadcrumbList","@id":"https:\/\/stepup.ecoprod.com\/resources\/#breadcrumb","itemListElement":[{"@type":"ListItem","position":1,"name":"Accueil","item":"https:\/\/stepup.ecoprod.com\/fr\/"},{"@type":"ListItem","position":2,"name":"Ressources"}]},{"@type":"WebSite","@id":"https:\/\/stepup.ecoprod.com\/#website","url":"https:\/\/stepup.ecoprod.com\/","name":"StepUP","description":"","publisher":{"@id":"https:\/\/stepup.ecoprod.com\/#organization"},"potentialAction":[{"@type":"SearchAction","target":{"@type":"EntryPoint","urlTemplate":"https:\/\/stepup.ecoprod.com\/?s={search_term_string}"},"query-input":{"@type":"PropertyValueSpecification","valueRequired":true,"valueName":"search_term_string"}}],"inLanguage":"fr-FR"},{"@type":"Organization","@id":"https:\/\/stepup.ecoprod.com\/#organization","name":"StepUP","url":"https:\/\/stepup.ecoprod.com\/","logo":{"@type":"ImageObject","inLanguage":"fr-FR","@id":"https:\/\/stepup.ecoprod.com\/#\/schema\/logo\/image\/","url":"https:\/\/stepup.ecoprod.com\/wp-content\/uploads\/2021\/10\/STEP-UP-VERT-KAKI_RVB.png","contentUrl":"https:\/\/stepup.ecoprod.com\/wp-content\/uploads\/2021\/10\/STEP-UP-VERT-KAKI_RVB.png","width":1993,"height":1000,"caption":"StepUP"},"image":{"@id":"https:\/\/stepup.ecoprod.com\/#\/schema\/logo\/image\/"}}]}},"_links":{"self":[{"href":"https:\/\/stepup.ecoprod.com\/fr\/wp-json\/wp\/v2\/pages\/989739","targetHints":{"allow":["GET"]}}],"collection":[{"href":"https:\/\/stepup.ecoprod.com\/fr\/wp-json\/wp\/v2\/pages"}],"about":[{"href":"https:\/\/stepup.ecoprod.com\/fr\/wp-json\/wp\/v2\/types\/page"}],"author":[{"embeddable":true,"href":"https:\/\/stepup.ecoprod.com\/fr\/wp-json\/wp\/v2\/users\/1"}],"replies":[{"embeddable":true,"href":"https:\/\/stepup.ecoprod.com\/fr\/wp-json\/wp\/v2\/comments?post=989739"}],"version-history":[{"count":2,"href":"https:\/\/stepup.ecoprod.com\/fr\/wp-json\/wp\/v2\/pages\/989739\/revisions"}],"predecessor-version":[{"id":991603,"href":"https:\/\/stepup.ecoprod.com\/fr\/wp-json\/wp\/v2\/pages\/989739\/revisions\/991603"}],"wp:attachment":[{"href":"https:\/\/stepup.ecoprod.com\/fr\/wp-json\/wp\/v2\/media?parent=989739"}],"curies":[{"name":"wp","href":"https:\/\/api.w.org\/{rel}","templated":true}]}}